{"id":177,"date":"2025-01-27T23:13:03","date_gmt":"2025-01-27T23:13:03","guid":{"rendered":"https:\/\/dev.cerocin.co\/clientes\/centralseguros.com.py\/wp\/?page_id=177"},"modified":"2025-05-05T14:13:09","modified_gmt":"2025-05-05T18:13:09","slug":"informes-institucionales","status":"publish","type":"page","link":"https:\/\/dev.cerocin.co\/clientes\/centralseguros.com.py\/wp\/informes-institucionales\/","title":{"rendered":"Informes institucionales"},"content":{"rendered":"\n<section class=\"wp-block-group -mt-[350px] md:-mt-[240px] lg:mt-12 text-center flex flex-col justify-center items-center text-blue-950 text-4xl  font-bold\">\n<h1 class=\"wp-block-heading text-sky-900 text-3xl\">Informes Institucionales<\/h1>\n\n\n\n<div class=\"wp-block-group border-b-[5px] border-gray-400 w-24 m-6 rounded-r-lg rounded-l-lg\"><\/div>\n<\/section>\n\n\n\n<section class=\"wp-block-group flex justify-center items-center gap-10 flex-wrap mt-14 pl-2 pr-2\">\n<div class=\"wp-block-group flex justify-start items-center w-[330px] lg:w-[550px] border-solid border-[1px] border-gray-300 rounded-xl p-3\">\n <img decoding=\"async\" src=\"https:\/\/dev.cerocin.co\/clientes\/centralseguros.com.py\/wp\/wp-content\/uploads\/2024\/09\/seguro-del-hogar.png\" class=\"w-[100px] h-[100px]\" alt=\"\">\n\n\n<i class=\"fa-solid fa-file-arrow-down text-blue-950  text-2xl ml-4\"><\/i>\n\n\n\n<h3 class=\"wp-block-heading text-sky-900 font-bold ml-2 md::ml-6 md:text-lg lg:text-xl lg:ml-4\"><a href=\"https:\/\/dev.cerocin.co\/clientes\/centralseguros.com.py\/wp\/wp-content\/uploads\/2025\/05\/balance-EEEF-MEMORIA-NT-ESTA-CON-06-2022.pdf\" target=\"_blank\" rel=\"noreferrer noopener\">Estados Financieros Memoria Anual y Notas a los Estados Contables 2021 &#8211; 2022<\/a><\/h3>\n<\/div>\n\n\n\n<div class=\"wp-block-group flex justify-start items-center w-[330px] lg:w-[550px] border-solid border-[1px] border-gray-300 rounded-xl p-3\">\n <img decoding=\"async\" src=\"https:\/\/dev.cerocin.co\/clientes\/centralseguros.com.py\/wp\/wp-content\/uploads\/2024\/09\/seguro-del-hogar.png\" class=\"w-[100px] h-[100px]\" alt=\"\">\n\n\n<i class=\"fa-solid fa-file-arrow-down text-blue-950  text-2xl ml-4\"><\/i>\n\n\n\n<h3 class=\"wp-block-heading text-sky-900 font-bold ml-2 md::ml-6 md:text-lg lg:text-xl lg:ml-4\"><a href=\"https:\/\/dev.cerocin.co\/clientes\/centralseguros.com.py\/wp\/wp-content\/uploads\/2025\/01\/CALIFICACION-DE-RIESGO.pdf\" target=\"_blank\" rel=\"noreferrer noopener\">Calificaci\u00f3n de Riesgo<\/a><\/h3>\n<\/div>\n\n\n\n<div class=\"wp-block-group flex justify-start items-center w-[330px] lg:w-[550px] border-solid border-[1px] border-gray-300 rounded-xl p-3\">\n <img decoding=\"async\" src=\"https:\/\/dev.cerocin.co\/clientes\/centralseguros.com.py\/wp\/wp-content\/uploads\/2024\/09\/seguro-del-hogar.png\" class=\"w-[100px] h-[100px]\" alt=\"\">\n\n\n<i class=\"fa-solid fa-file-arrow-down text-blue-950  text-2xl ml-4\"><\/i>\n\n\n\n<h3 class=\"wp-block-heading text-sky-900 font-bold ml-2 md::ml-6 md:text-lg lg:text-xl lg:ml-4\"><a href=\"https:\/\/dev.cerocin.co\/clientes\/centralseguros.com.py\/wp\/wp-content\/uploads\/2025\/01\/ESTATUTOS-SOCIALES.pdf\" target=\"_blank\" rel=\"noreferrer noopener\">Estatutos Sociales<\/a><\/h3>\n<\/div>\n\n\n\n<div class=\"wp-block-group flex justify-start items-center w-[330px] lg:w-[550px] border-solid border-[1px] border-gray-300 rounded-xl p-3\">\n <img decoding=\"async\" src=\"https:\/\/dev.cerocin.co\/clientes\/centralseguros.com.py\/wp\/wp-content\/uploads\/2024\/09\/seguro-del-hogar.png\" class=\"w-[100px] h-[100px]\" alt=\"\">\n\n\n<i class=\"fa-solid fa-file-arrow-down text-blue-950  text-2xl ml-4\"><\/i>\n\n\n\n<h3 class=\"wp-block-heading text-sky-900 font-bold ml-2 md::ml-6 md:text-lg lg:text-xl lg:ml-4\"><a href=\"https:\/\/dev.cerocin.co\/clientes\/centralseguros.com.py\/wp\/wp-content\/uploads\/2025\/01\/ESTRUCTURA-Y-ORGANIZACION-DE-LA-SOCIEDADpdf.pdf\" target=\"_blank\" rel=\"noreferrer noopener\">Estructura y Organizaci\u00f3n de la Sociedad<\/a><\/h3>\n<\/div>\n\n\n\n<div class=\"wp-block-group flex justify-start items-center w-[330px] lg:w-[550px] border-solid border-[1px] border-gray-300 rounded-xl p-3\">\n <img decoding=\"async\" src=\"https:\/\/dev.cerocin.co\/clientes\/centralseguros.com.py\/wp\/wp-content\/uploads\/2024\/09\/seguro-del-hogar.png\" class=\"w-[100px] h-[100px]\" alt=\"\">\n\n\n<i class=\"fa-solid fa-file-arrow-down text-blue-950  text-2xl ml-4\"><\/i>\n\n\n\n<h3 class=\"wp-block-heading text-sky-900 font-bold ml-2 md::ml-6 md:text-lg lg:text-xl lg:ml-4\"><a href=\"https:\/\/dev.cerocin.co\/clientes\/centralseguros.com.py\/wp\/wp-content\/uploads\/2025\/01\/NOMINA-DE-ACCIONISTAS-Y-COMPOSCI-CAPITAL.pdf\" target=\"_blank\" rel=\"noreferrer noopener\">Nomina de Accionistas y Composici\u00f3n de Capital<\/a><\/h3>\n<\/div>\n\n\n\n<div class=\"wp-block-group flex justify-start items-center w-[330px] lg:w-[550px] border-solid border-[1px] border-gray-300 rounded-xl p-3\">\n <img decoding=\"async\" src=\"https:\/\/dev.cerocin.co\/clientes\/centralseguros.com.py\/wp\/wp-content\/uploads\/2024\/09\/seguro-del-hogar.png\" class=\"w-[100px] h-[100px]\" alt=\"\">\n\n\n<i class=\"fa-solid fa-file-arrow-down text-blue-950  text-2xl ml-4\"><\/i>\n\n\n\n<h3 class=\"wp-block-heading text-sky-900 font-bold ml-2 md::ml-6 md:text-lg lg:text-xl lg:ml-4\"><a href=\"https:\/\/dev.cerocin.co\/clientes\/centralseguros.com.py\/wp\/wp-content\/uploads\/2025\/01\/NOMINA-DE-AGENTES-DE-SEGUR0S.pdf\" data-type=\"link\" data-id=\"https:\/\/dev.cerocin.co\/clientes\/centralseguros.com.py\/wp\/wp-content\/uploads\/2025\/01\/NOMINA-DE-AGENTES-DE-SEGUR0S.pdf\" target=\"_blank\" rel=\"noreferrer noopener\">Nomina de Agentes de Seguros<\/a><\/h3>\n<\/div>\n\n\n\n<div class=\"wp-block-group flex justify-start items-center w-[330px] lg:w-[550px] border-solid border-[1px] border-gray-300 rounded-xl p-3\">\n <img decoding=\"async\" src=\"https:\/\/dev.cerocin.co\/clientes\/centralseguros.com.py\/wp\/wp-content\/uploads\/2024\/09\/seguro-del-hogar.png\" class=\"w-[100px] h-[100px]\" alt=\"\">\n\n\n<i class=\"fa-solid fa-file-arrow-down text-blue-950  text-2xl ml-4\"><\/i>\n\n\n\n<h3 class=\"wp-block-heading text-sky-900 font-bold ml-2 md::ml-6 md:text-lg lg:text-xl lg:ml-4\"><a href=\"https:\/\/dev.cerocin.co\/clientes\/centralseguros.com.py\/wp\/wp-content\/uploads\/2025\/01\/NOMINA-DE-PERSONAS-.pdf\" target=\"_blank\" rel=\"noreferrer noopener\">Nomina de Personas<\/a><\/h3>\n<\/div>\n\n\n\n<div class=\"wp-block-group flex justify-start items-center w-[330px] lg:w-[550px] border-solid border-[1px] border-gray-300 rounded-xl p-3\">\n <img decoding=\"async\" src=\"https:\/\/dev.cerocin.co\/clientes\/centralseguros.com.py\/wp\/wp-content\/uploads\/2024\/09\/seguro-del-hogar.png\" class=\"w-[100px] h-[100px]\" alt=\"\">\n\n\n<i class=\"fa-solid fa-file-arrow-down text-blue-950  text-2xl ml-4\"><\/i>\n\n\n\n<h3 class=\"wp-block-heading text-sky-900 font-bold ml-2 md::ml-6 md:text-lg lg:text-xl lg:ml-4\"><a href=\"https:\/\/dev.cerocin.co\/clientes\/centralseguros.com.py\/wp\/wp-content\/uploads\/2025\/01\/NOMINA-DE-REASEGURADORES.pdf\" data-type=\"link\" data-id=\"https:\/\/dev.cerocin.co\/clientes\/centralseguros.com.py\/wp\/wp-content\/uploads\/2025\/01\/NOMINA-DE-REASEGURADORES.pdf\" target=\"_blank\" rel=\"noreferrer noopener\">Nomina de Reaseguradores<\/a><\/h3>\n<\/div>\n<\/section>\n\n\n\n<p><\/p>\n","protected":false},"excerpt":{"rendered":"<p>Informes Institucionales Estados Financieros Memoria Anual y Notas a los Estados Contables 2021 &#8211; 2022 Calificaci\u00f3n de Riesgo Estatutos Sociales Estructura y Organizaci\u00f3n de la Sociedad Nomina de Accionistas y Composici\u00f3n de Capital Nomina de Agentes de Seguros Nomina de Personas Nomina de Reaseguradores<\/p>\n","protected":false},"author":1,"featured_media":0,"parent":0,"menu_order":0,"comment_status":"closed","ping_status":"closed","template":"","meta":{"_acf_changed":false,"footnotes":""},"class_list":["post-177","page","type-page","status-publish","hentry"],"acf":[],"_links":{"self":[{"href":"https:\/\/dev.cerocin.co\/clientes\/centralseguros.com.py\/wp\/wp-json\/wp\/v2\/pages\/177","targetHints":{"allow":["GET"]}}],"collection":[{"href":"https:\/\/dev.cerocin.co\/clientes\/centralseguros.com.py\/wp\/wp-json\/wp\/v2\/pages"}],"about":[{"href":"https:\/\/dev.cerocin.co\/clientes\/centralseguros.com.py\/wp\/wp-json\/wp\/v2\/types\/page"}],"author":[{"embeddable":true,"href":"https:\/\/dev.cerocin.co\/clientes\/centralseguros.com.py\/wp\/wp-json\/wp\/v2\/users\/1"}],"replies":[{"embeddable":true,"href":"https:\/\/dev.cerocin.co\/clientes\/centralseguros.com.py\/wp\/wp-json\/wp\/v2\/comments?post=177"}],"version-history":[{"count":10,"href":"https:\/\/dev.cerocin.co\/clientes\/centralseguros.com.py\/wp\/wp-json\/wp\/v2\/pages\/177\/revisions"}],"predecessor-version":[{"id":281,"href":"https:\/\/dev.cerocin.co\/clientes\/centralseguros.com.py\/wp\/wp-json\/wp\/v2\/pages\/177\/revisions\/281"}],"wp:attachment":[{"href":"https:\/\/dev.cerocin.co\/clientes\/centralseguros.com.py\/wp\/wp-json\/wp\/v2\/media?parent=177"}],"curies":[{"name":"wp","href":"https:\/\/api.w.org\/{rel}","templated":true}]}}